{"id":143,"date":"2026-03-28T12:48:45","date_gmt":"2026-03-28T12:48:45","guid":{"rendered":"https:\/\/tiemnuoc.azdigi.shop\/?post_type=product&#038;p=143"},"modified":"2026-03-29T03:43:51","modified_gmt":"2026-03-29T03:43:51","slug":"ly-soda-tao-xanh-mat-lanh-giai-nhiet-sang-khoai","status":"publish","type":"product","link":"https:\/\/tiemnuoc.azdigi.shop\/?product=ly-soda-tao-xanh-mat-lanh-giai-nhiet-sang-khoai","title":{"rendered":"Ly Soda T\u00e1o Xanh M\u00e1t L\u1ea1nh \u2013 Gi\u1ea3i Nhi\u1ec7t S\u1ea3ng Kho\u00e1i"},"content":{"rendered":"<div class=\"relative basis-auto flex-col -mb-(--composer-overlap-px) pb-(--composer-overlap-px) [--composer-overlap-px:28px] grow flex\">\n<div class=\"flex flex-col text-sm pb-25\">\n<section class=\"text-token-text-primary w-full focus:outline-none [--shadow-height:45px] has-data-writing-block:pointer-events-none has-data-writing-block:-mt-(--shadow-height) has-data-writing-block:pt-(--shadow-height) [&amp;:has([data-writing-block])&gt;*]:pointer-events-auto scroll-mt-[calc(var(--header-height)+min(200px,max(70px,20svh)))]\" dir=\"auto\" data-turn-id=\"request-WEB:ba06a2a5-3a03-4bb7-8036-d6df367f7842-2\" data-testid=\"conversation-turn-6\" data-scroll-anchor=\"true\" data-turn=\"assistant\">\n<div class=\"text-base my-auto mx-auto pb-10 [--thread-content-margin:var(--thread-content-margin-xs,calc(var(--spacing)*4))] @w-sm\/main:[--thread-content-margin:var(--thread-content-margin-sm,calc(var(--spacing)*6))] @w-lg\/main:[--thread-content-margin:var(--thread-content-margin-lg,calc(var(--spacing)*16))] px-(--thread-content-margin)\">\n<div class=\"[--thread-content-max-width:40rem] @w-lg\/main:[--thread-content-max-width:48rem] mx-auto max-w-(--thread-content-max-width) flex-1 group\/turn-messages focus-visible:outline-hidden relative flex w-full min-w-0 flex-col agent-turn\">\n<div class=\"flex max-w-full flex-col gap-4 grow\">\n<div class=\"min-h-8 text-message relative flex w-full flex-col items-end gap-2 text-start break-words whitespace-normal outline-none keyboard-focused:focus-ring [.text-message+&amp;]:mt-1\" dir=\"auto\" tabindex=\"0\" data-message-author-role=\"assistant\" data-message-id=\"06a74a04-af46-4842-83c9-770c9e6528ea\" data-message-model-slug=\"gpt-5-3\" data-turn-start-message=\"true\">\n<div class=\"flex w-full flex-col gap-1 empty:hidden\">\n<div class=\"markdown prose dark:prose-invert w-full wrap-break-word light markdown-new-styling\">\n<h2 data-section-id=\"16h70mb\" data-start=\"418\" data-end=\"446\">Th\u1ee9c u\u1ed1ng t\u00e1o xanh l\u00e0 g\u00ec?<\/h2>\n<p data-start=\"448\" data-end=\"598\">\u0110\u00e2y l\u00e0 lo\u1ea1i n\u01b0\u1edbc gi\u1ea3i kh\u00e1t k\u1ebft h\u1ee3p gi\u1eefa soda c\u00f3 gas v\u00e0 siro t\u00e1o. Nh\u1edd \u0111\u00f3, s\u1ea3n ph\u1ea9m mang l\u1ea1i v\u1ecb chua nh\u1eb9, ng\u1ecdt d\u1ecbu v\u00e0 c\u1ea3m gi\u00e1c m\u00e1t l\u1ea1nh khi th\u01b0\u1edfng th\u1ee9c.<\/p>\n<h2 data-section-id=\"1q7dsn0\" data-start=\"600\" data-end=\"629\">H\u01b0\u01a1ng v\u1ecb t\u01b0\u01a1i m\u00e1t, d\u1ec5 u\u1ed1ng<\/h2>\n<p data-start=\"631\" data-end=\"784\">Ly n\u01b0\u1edbc n\u1ed5i b\u1eadt v\u1edbi v\u1ecb chua thanh \u0111\u1eb7c tr\u01b0ng. Khi h\u00f2a c\u00f9ng soda, th\u1ee9c u\u1ed1ng tr\u1edf n\u00ean s\u1ea3ng kho\u00e1i h\u01a1n. \u0110\u1ed9 ng\u1ecdt v\u1eeba ph\u1ea3i gi\u00fap b\u1ea1n kh\u00f4ng b\u1ecb ng\u1ea5y khi u\u1ed1ng nhi\u1ec1u.<\/p>\n<h2 data-section-id=\"nbau60\" data-start=\"786\" data-end=\"818\">Nguy\u00ean li\u1ec7u \u0111\u01a1n gi\u1ea3n, an to\u00e0n<\/h2>\n<p data-start=\"820\" data-end=\"950\">M\u1ed9t ly n\u01b0\u1edbc ngon th\u01b0\u1eddng g\u1ed3m siro t\u00e1o, soda v\u00e0 \u0111\u00e1 vi\u00ean s\u1ea1ch. M\u1ed9t s\u1ed1 n\u01a1i c\u00f3 th\u1ec3 th\u00eam l\u00e1 b\u1ea1c h\u00e0 ho\u1eb7c l\u00e1t t\u00e1o t\u01b0\u01a1i \u0111\u1ec3 t\u0103ng h\u01b0\u01a1ng th\u01a1m.<\/p>\n<h2 data-section-id=\"sk62u9\" data-start=\"952\" data-end=\"973\">L\u00fd do n\u00ean l\u1ef1a ch\u1ecdn<\/h2>\n<p data-start=\"975\" data-end=\"1132\">Th\u1ee9c u\u1ed1ng n\u00e0y gi\u00fap gi\u1ea3i kh\u00e1t nhanh v\u00e0 mang l\u1ea1i c\u1ea3m gi\u00e1c d\u1ec5 ch\u1ecbu. H\u01b0\u01a1ng v\u1ecb nh\u1eb9 nh\u00e0ng n\u00ean ph\u00f9 h\u1ee3p v\u1edbi nhi\u1ec1u ng\u01b0\u1eddi. B\u1ea1n c\u00f3 th\u1ec3 mang \u0111i h\u1ecdc ho\u1eb7c \u0111i l\u00e0m r\u1ea5t ti\u1ec7n.<\/p>\n<h2 data-section-id=\"nvj1yl\" data-start=\"1134\" data-end=\"1166\">Th\u1eddi \u0111i\u1ec3m th\u01b0\u1edfng th\u1ee9c ph\u00f9 h\u1ee3p<\/h2>\n<p data-start=\"1168\" data-end=\"1286\">B\u1ea1n c\u00f3 th\u1ec3 d\u00f9ng v\u00e0o bu\u1ed5i tr\u01b0a, sau khi v\u1eadn \u0111\u1ed9ng ho\u1eb7c khi t\u1ee5 t\u1eadp b\u1ea1n b\u00e8. \u0110\u00e2y l\u00e0 l\u1ef1a ch\u1ecdn l\u00fd t\u01b0\u1edfng \u0111\u1ec3 th\u01b0 gi\u00e3n m\u1ed7i ng\u00e0y.<\/p>\n<h2 data-section-id=\"1unovfj\" data-start=\"151\" data-end=\"179\"><strong style=\"color: #555555; font-size: 14.4px;\" data-start=\"1359\" data-end=\"1374\">G\u1ee3i \u00fd th\u00eam:<\/strong><\/h2>\n<p data-start=\"1359\" data-end=\"1425\" data-is-last-node=\"\" data-is-only-node=\"\">Xem th\u00eam: <a href=\"https:\/\/tiemnuoc.azdigi.shop\/index.php\/san-pham\/soda-blue-mat-la\u2026nghien-ngay-nong\/\">\u00a0https:\/\/tiemnuoc.azdigi.shop\/index.php\/san-pham\/soda-blue-mat-la\u2026nghien-ngay-nong\/<\/a><br data-start=\"1397\" data-end=\"1400\" \/>Kh\u00e1m ph\u00e1:<a href=\"https:\/\/www.foody.vn\/ho-chi-minh\/tra-sua-tra-trai-cay-sau-tea\">https:\/\/www.foody.vn\/ho-chi-minh\/tra-sua-tra-trai-cay-sau-tea <\/a><\/p>\n<p data-start=\"1359\" data-end=\"1425\" data-is-last-node=\"\" data-is-only-node=\"\"><img loading=\"lazy\" decoding=\"async\" class=\"alignnone size-medium wp-image-65\" src=\"https:\/\/tiemnuoc.azdigi.shop\/wp-content\/uploads\/2026\/03\/z7585679591314_e3af96995207a361b78c3a669d1c499c-200x300.jpg\" alt=\"\" width=\"200\" height=\"300\" srcset=\"https:\/\/tiemnuoc.azdigi.shop\/wp-content\/uploads\/2026\/03\/z7585679591314_e3af96995207a361b78c3a669d1c499c-200x300.jpg 200w, https:\/\/tiemnuoc.azdigi.shop\/wp-content\/uploads\/2026\/03\/z7585679591314_e3af96995207a361b78c3a669d1c499c-600x900.jpg 600w, https:\/\/tiemnuoc.azdigi.shop\/wp-content\/uploads\/2026\/03\/z7585679591314_e3af96995207a361b78c3a669d1c499c-683x1024.jpg 683w, https:\/\/tiemnuoc.azdigi.shop\/wp-content\/uploads\/2026\/03\/z7585679591314_e3af96995207a361b78c3a669d1c499c.jpg 736w\" sizes=\"auto, (max-width: 200px) 100vw, 200px\" \/><\/p>\n<\/div>\n<\/div>\n<\/div>\n<\/div>\n<\/div>\n<\/div>\n<\/section>\n<\/div>\n<\/div>\n","protected":false},"excerpt":{"rendered":"<p>Ly soda t\u00e1o xanh m\u00e1t l\u1ea1nh v\u1edbi v\u1ecb chua ng\u1ecdt h\u00e0i h\u00f2a, gi\u00fap gi\u1ea3i nhi\u1ec7t nhanh v\u00e0 mang l\u1ea1i c\u1ea3m gi\u00e1c s\u1ea3ng kho\u00e1i. Th\u1ee9c u\u1ed1ng d\u1ec5 u\u1ed1ng, ph\u00f9 h\u1ee3p cho m\u1ecdi th\u1eddi \u0111i\u1ec3m trong ng\u00e0y.<\/p>\n","protected":false},"featured_media":65,"comment_status":"open","ping_status":"closed","template":"","meta":[],"product_brand":[],"product_cat":[17],"product_tag":[21,20,18],"class_list":{"0":"post-143","1":"product","2":"type-product","3":"status-publish","4":"has-post-thumbnail","6":"product_cat-chua-phan-loai","7":"product_tag-huong-vi-ngot-nhe","8":"product_tag-mat-lanh","9":"product_tag-thom-ngon","11":"first","12":"instock","13":"sale","14":"shipping-taxable","15":"purchasable","16":"product-type-variable"},"yoast_head":"<!-- This site is optimized with the Yoast SEO plugin v27.2 - https:\/\/yoast.com\/product\/yoast-seo-wordpress\/ -->\n<title>Ly Soda T\u00e1o Xanh M\u00e1t L\u1ea1nh \u2013 Gi\u1ea3i Nhi\u1ec7t S\u1ea3ng Kho\u00e1i - Berries House<\/title>\n<meta name=\"description\" content=\"Ly soda t\u00e1o xanh m\u00e1t l\u1ea1nh, v\u1ecb chua ng\u1ecdt s\u1ea3ng kho\u00e1i, gi\u1ea3i nhi\u1ec7t nhanh. Th\u1ee9c u\u1ed1ng h\u1ea5p d\u1eabn, ph\u00f9 h\u1ee3p m\u1ecdi l\u1ee9a tu\u1ed5i, ti\u1ec7n mang \u0111i m\u1ed7i ng\u00e0y\" \/>\n<meta name=\"robots\" content=\"index, follow, max-snippet:-1, max-image-preview:large, max-video-preview:-1\" \/>\n<link rel=\"canonical\" href=\"https:\/\/tiemnuoc.azdigi.shop\/index.php\/san-pham\/ly-soda-tao-xanh-mat-lanh-giai-nhiet-sang-khoai\/\" \/>\n<meta property=\"og:locale\" content=\"vi_VN\" \/>\n<meta property=\"og:type\" content=\"article\" \/>\n<meta property=\"og:title\" content=\"Ly Soda T\u00e1o Xanh M\u00e1t L\u1ea1nh \u2013 Gi\u1ea3i Nhi\u1ec7t S\u1ea3ng Kho\u00e1i - Berries House\" \/>\n<meta property=\"og:description\" content=\"Ly soda t\u00e1o xanh m\u00e1t l\u1ea1nh, v\u1ecb chua ng\u1ecdt s\u1ea3ng kho\u00e1i, gi\u1ea3i nhi\u1ec7t nhanh. Th\u1ee9c u\u1ed1ng h\u1ea5p d\u1eabn, ph\u00f9 h\u1ee3p m\u1ecdi l\u1ee9a tu\u1ed5i, ti\u1ec7n mang \u0111i m\u1ed7i ng\u00e0y\" \/>\n<meta property=\"og:url\" content=\"https:\/\/tiemnuoc.azdigi.shop\/index.php\/san-pham\/ly-soda-tao-xanh-mat-lanh-giai-nhiet-sang-khoai\/\" \/>\n<meta property=\"og:site_name\" content=\"Berries House\" \/>\n<meta property=\"article:modified_time\" content=\"2026-03-29T03:43:51+00:00\" \/>\n<meta property=\"og:image\" content=\"https:\/\/tiemnuoc.azdigi.shop\/wp-content\/uploads\/2026\/03\/z7585679591314_e3af96995207a361b78c3a669d1c499c.jpg\" \/>\n\t<meta property=\"og:image:width\" content=\"736\" \/>\n\t<meta property=\"og:image:height\" content=\"1104\" \/>\n\t<meta property=\"og:image:type\" content=\"image\/jpeg\" \/>\n<meta name=\"twitter:card\" content=\"summary_large_image\" \/>\n<meta name=\"twitter:label1\" content=\"\u01af\u1edbc t\u00ednh th\u1eddi gian \u0111\u1ecdc\" \/>\n\t<meta name=\"twitter:data1\" content=\"2 ph\u00fat\" \/>\n<script type=\"application\/ld+json\" class=\"yoast-schema-graph\">{\"@context\":\"https:\/\/schema.org\",\"@graph\":[{\"@type\":\"WebPage\",\"@id\":\"https:\/\/tiemnuoc.azdigi.shop\/index.php\/san-pham\/ly-soda-tao-xanh-mat-lanh-giai-nhiet-sang-khoai\/\",\"url\":\"https:\/\/tiemnuoc.azdigi.shop\/index.php\/san-pham\/ly-soda-tao-xanh-mat-lanh-giai-nhiet-sang-khoai\/\",\"name\":\"Ly Soda T\u00e1o Xanh M\u00e1t L\u1ea1nh \u2013 Gi\u1ea3i Nhi\u1ec7t S\u1ea3ng Kho\u00e1i - Berries House\",\"isPartOf\":{\"@id\":\"https:\/\/tiemnuoc.azdigi.shop\/#website\"},\"primaryImageOfPage\":{\"@id\":\"https:\/\/tiemnuoc.azdigi.shop\/index.php\/san-pham\/ly-soda-tao-xanh-mat-lanh-giai-nhiet-sang-khoai\/#primaryimage\"},\"image\":{\"@id\":\"https:\/\/tiemnuoc.azdigi.shop\/index.php\/san-pham\/ly-soda-tao-xanh-mat-lanh-giai-nhiet-sang-khoai\/#primaryimage\"},\"thumbnailUrl\":\"https:\/\/tiemnuoc.azdigi.shop\/wp-content\/uploads\/2026\/03\/z7585679591314_e3af96995207a361b78c3a669d1c499c.jpg\",\"datePublished\":\"2026-03-28T12:48:45+00:00\",\"dateModified\":\"2026-03-29T03:43:51+00:00\",\"description\":\"Ly soda t\u00e1o xanh m\u00e1t l\u1ea1nh, v\u1ecb chua ng\u1ecdt s\u1ea3ng kho\u00e1i, gi\u1ea3i nhi\u1ec7t nhanh. Th\u1ee9c u\u1ed1ng h\u1ea5p d\u1eabn, ph\u00f9 h\u1ee3p m\u1ecdi l\u1ee9a tu\u1ed5i, ti\u1ec7n mang \u0111i m\u1ed7i ng\u00e0y\",\"breadcrumb\":{\"@id\":\"https:\/\/tiemnuoc.azdigi.shop\/index.php\/san-pham\/ly-soda-tao-xanh-mat-lanh-giai-nhiet-sang-khoai\/#breadcrumb\"},\"inLanguage\":\"vi\",\"potentialAction\":[{\"@type\":\"ReadAction\",\"target\":[\"https:\/\/tiemnuoc.azdigi.shop\/index.php\/san-pham\/ly-soda-tao-xanh-mat-lanh-giai-nhiet-sang-khoai\/\"]}]},{\"@type\":\"ImageObject\",\"inLanguage\":\"vi\",\"@id\":\"https:\/\/tiemnuoc.azdigi.shop\/index.php\/san-pham\/ly-soda-tao-xanh-mat-lanh-giai-nhiet-sang-khoai\/#primaryimage\",\"url\":\"https:\/\/tiemnuoc.azdigi.shop\/wp-content\/uploads\/2026\/03\/z7585679591314_e3af96995207a361b78c3a669d1c499c.jpg\",\"contentUrl\":\"https:\/\/tiemnuoc.azdigi.shop\/wp-content\/uploads\/2026\/03\/z7585679591314_e3af96995207a361b78c3a669d1c499c.jpg\",\"width\":736,\"height\":1104},{\"@type\":\"BreadcrumbList\",\"@id\":\"https:\/\/tiemnuoc.azdigi.shop\/index.php\/san-pham\/ly-soda-tao-xanh-mat-lanh-giai-nhiet-sang-khoai\/#breadcrumb\",\"itemListElement\":[{\"@type\":\"ListItem\",\"position\":1,\"name\":\"Trang ch\u1ee7\",\"item\":\"https:\/\/tiemnuoc.azdigi.shop\/\"},{\"@type\":\"ListItem\",\"position\":2,\"name\":\"C\u1eeda h\u00e0ng\",\"item\":\"https:\/\/tiemnuoc.azdigi.shop\/?page_id=121\"},{\"@type\":\"ListItem\",\"position\":3,\"name\":\"Ly Soda T\u00e1o Xanh M\u00e1t L\u1ea1nh \u2013 Gi\u1ea3i Nhi\u1ec7t S\u1ea3ng Kho\u00e1i\"}]},{\"@type\":\"WebSite\",\"@id\":\"https:\/\/tiemnuoc.azdigi.shop\/#website\",\"url\":\"https:\/\/tiemnuoc.azdigi.shop\/\",\"name\":\"Berries House\",\"description\":\"\",\"potentialAction\":[{\"@type\":\"SearchAction\",\"target\":{\"@type\":\"EntryPoint\",\"urlTemplate\":\"https:\/\/tiemnuoc.azdigi.shop\/?s={search_term_string}\"},\"query-input\":{\"@type\":\"PropertyValueSpecification\",\"valueRequired\":true,\"valueName\":\"search_term_string\"}}],\"inLanguage\":\"vi\"}]}<\/script>\n<!-- \/ Yoast SEO plugin. -->","yoast_head_json":{"title":"Ly Soda T\u00e1o Xanh M\u00e1t L\u1ea1nh \u2013 Gi\u1ea3i Nhi\u1ec7t S\u1ea3ng Kho\u00e1i - Berries House","description":"Ly soda t\u00e1o xanh m\u00e1t l\u1ea1nh, v\u1ecb chua ng\u1ecdt s\u1ea3ng kho\u00e1i, gi\u1ea3i nhi\u1ec7t nhanh. Th\u1ee9c u\u1ed1ng h\u1ea5p d\u1eabn, ph\u00f9 h\u1ee3p m\u1ecdi l\u1ee9a tu\u1ed5i, ti\u1ec7n mang \u0111i m\u1ed7i ng\u00e0y","robots":{"index":"index","follow":"follow","max-snippet":"max-snippet:-1","max-image-preview":"max-image-preview:large","max-video-preview":"max-video-preview:-1"},"canonical":"https:\/\/tiemnuoc.azdigi.shop\/index.php\/san-pham\/ly-soda-tao-xanh-mat-lanh-giai-nhiet-sang-khoai\/","og_locale":"vi_VN","og_type":"article","og_title":"Ly Soda T\u00e1o Xanh M\u00e1t L\u1ea1nh \u2013 Gi\u1ea3i Nhi\u1ec7t S\u1ea3ng Kho\u00e1i - Berries House","og_description":"Ly soda t\u00e1o xanh m\u00e1t l\u1ea1nh, v\u1ecb chua ng\u1ecdt s\u1ea3ng kho\u00e1i, gi\u1ea3i nhi\u1ec7t nhanh. Th\u1ee9c u\u1ed1ng h\u1ea5p d\u1eabn, ph\u00f9 h\u1ee3p m\u1ecdi l\u1ee9a tu\u1ed5i, ti\u1ec7n mang \u0111i m\u1ed7i ng\u00e0y","og_url":"https:\/\/tiemnuoc.azdigi.shop\/index.php\/san-pham\/ly-soda-tao-xanh-mat-lanh-giai-nhiet-sang-khoai\/","og_site_name":"Berries House","article_modified_time":"2026-03-29T03:43:51+00:00","og_image":[{"width":736,"height":1104,"url":"https:\/\/tiemnuoc.azdigi.shop\/wp-content\/uploads\/2026\/03\/z7585679591314_e3af96995207a361b78c3a669d1c499c.jpg","type":"image\/jpeg"}],"twitter_card":"summary_large_image","twitter_misc":{"\u01af\u1edbc t\u00ednh th\u1eddi gian \u0111\u1ecdc":"2 ph\u00fat"},"schema":{"@context":"https:\/\/schema.org","@graph":[{"@type":"WebPage","@id":"https:\/\/tiemnuoc.azdigi.shop\/index.php\/san-pham\/ly-soda-tao-xanh-mat-lanh-giai-nhiet-sang-khoai\/","url":"https:\/\/tiemnuoc.azdigi.shop\/index.php\/san-pham\/ly-soda-tao-xanh-mat-lanh-giai-nhiet-sang-khoai\/","name":"Ly Soda T\u00e1o Xanh M\u00e1t L\u1ea1nh \u2013 Gi\u1ea3i Nhi\u1ec7t S\u1ea3ng Kho\u00e1i - Berries House","isPartOf":{"@id":"https:\/\/tiemnuoc.azdigi.shop\/#website"},"primaryImageOfPage":{"@id":"https:\/\/tiemnuoc.azdigi.shop\/index.php\/san-pham\/ly-soda-tao-xanh-mat-lanh-giai-nhiet-sang-khoai\/#primaryimage"},"image":{"@id":"https:\/\/tiemnuoc.azdigi.shop\/index.php\/san-pham\/ly-soda-tao-xanh-mat-lanh-giai-nhiet-sang-khoai\/#primaryimage"},"thumbnailUrl":"https:\/\/tiemnuoc.azdigi.shop\/wp-content\/uploads\/2026\/03\/z7585679591314_e3af96995207a361b78c3a669d1c499c.jpg","datePublished":"2026-03-28T12:48:45+00:00","dateModified":"2026-03-29T03:43:51+00:00","description":"Ly soda t\u00e1o xanh m\u00e1t l\u1ea1nh, v\u1ecb chua ng\u1ecdt s\u1ea3ng kho\u00e1i, gi\u1ea3i nhi\u1ec7t nhanh. Th\u1ee9c u\u1ed1ng h\u1ea5p d\u1eabn, ph\u00f9 h\u1ee3p m\u1ecdi l\u1ee9a tu\u1ed5i, ti\u1ec7n mang \u0111i m\u1ed7i ng\u00e0y","breadcrumb":{"@id":"https:\/\/tiemnuoc.azdigi.shop\/index.php\/san-pham\/ly-soda-tao-xanh-mat-lanh-giai-nhiet-sang-khoai\/#breadcrumb"},"inLanguage":"vi","potentialAction":[{"@type":"ReadAction","target":["https:\/\/tiemnuoc.azdigi.shop\/index.php\/san-pham\/ly-soda-tao-xanh-mat-lanh-giai-nhiet-sang-khoai\/"]}]},{"@type":"ImageObject","inLanguage":"vi","@id":"https:\/\/tiemnuoc.azdigi.shop\/index.php\/san-pham\/ly-soda-tao-xanh-mat-lanh-giai-nhiet-sang-khoai\/#primaryimage","url":"https:\/\/tiemnuoc.azdigi.shop\/wp-content\/uploads\/2026\/03\/z7585679591314_e3af96995207a361b78c3a669d1c499c.jpg","contentUrl":"https:\/\/tiemnuoc.azdigi.shop\/wp-content\/uploads\/2026\/03\/z7585679591314_e3af96995207a361b78c3a669d1c499c.jpg","width":736,"height":1104},{"@type":"BreadcrumbList","@id":"https:\/\/tiemnuoc.azdigi.shop\/index.php\/san-pham\/ly-soda-tao-xanh-mat-lanh-giai-nhiet-sang-khoai\/#breadcrumb","itemListElement":[{"@type":"ListItem","position":1,"name":"Trang ch\u1ee7","item":"https:\/\/tiemnuoc.azdigi.shop\/"},{"@type":"ListItem","position":2,"name":"C\u1eeda h\u00e0ng","item":"https:\/\/tiemnuoc.azdigi.shop\/?page_id=121"},{"@type":"ListItem","position":3,"name":"Ly Soda T\u00e1o Xanh M\u00e1t L\u1ea1nh \u2013 Gi\u1ea3i Nhi\u1ec7t S\u1ea3ng Kho\u00e1i"}]},{"@type":"WebSite","@id":"https:\/\/tiemnuoc.azdigi.shop\/#website","url":"https:\/\/tiemnuoc.azdigi.shop\/","name":"Berries House","description":"","potentialAction":[{"@type":"SearchAction","target":{"@type":"EntryPoint","urlTemplate":"https:\/\/tiemnuoc.azdigi.shop\/?s={search_term_string}"},"query-input":{"@type":"PropertyValueSpecification","valueRequired":true,"valueName":"search_term_string"}}],"inLanguage":"vi"}]}},"_links":{"self":[{"href":"https:\/\/tiemnuoc.azdigi.shop\/index.php?rest_route=\/wp\/v2\/product\/143","targetHints":{"allow":["GET"]}}],"collection":[{"href":"https:\/\/tiemnuoc.azdigi.shop\/index.php?rest_route=\/wp\/v2\/product"}],"about":[{"href":"https:\/\/tiemnuoc.azdigi.shop\/index.php?rest_route=\/wp\/v2\/types\/product"}],"replies":[{"embeddable":true,"href":"https:\/\/tiemnuoc.azdigi.shop\/index.php?rest_route=%2Fwp%2Fv2%2Fcomments&post=143"}],"wp:featuredmedia":[{"embeddable":true,"href":"https:\/\/tiemnuoc.azdigi.shop\/index.php?rest_route=\/wp\/v2\/media\/65"}],"wp:attachment":[{"href":"https:\/\/tiemnuoc.azdigi.shop\/index.php?rest_route=%2Fwp%2Fv2%2Fmedia&parent=143"}],"wp:term":[{"taxonomy":"product_brand","embeddable":true,"href":"https:\/\/tiemnuoc.azdigi.shop\/index.php?rest_route=%2Fwp%2Fv2%2Fproduct_brand&post=143"},{"taxonomy":"product_cat","embeddable":true,"href":"https:\/\/tiemnuoc.azdigi.shop\/index.php?rest_route=%2Fwp%2Fv2%2Fproduct_cat&post=143"},{"taxonomy":"product_tag","embeddable":true,"href":"https:\/\/tiemnuoc.azdigi.shop\/index.php?rest_route=%2Fwp%2Fv2%2Fproduct_tag&post=143"}],"curies":[{"name":"wp","href":"https:\/\/api.w.org\/{rel}","templated":true}]}}