{"id":290,"date":"2026-04-09T19:32:59","date_gmt":"2026-04-09T19:32:59","guid":{"rendered":"https:\/\/tiemnuoc.azdigi.shop\/?post_type=product&#038;p=290"},"modified":"2026-04-09T19:46:50","modified_gmt":"2026-04-09T19:46:50","slug":"soda-dao-thuc-uong-mat-lanh-ngot-diu-de-uong","status":"publish","type":"product","link":"https:\/\/tiemnuoc.azdigi.shop\/?product=soda-dao-thuc-uong-mat-lanh-ngot-diu-de-uong","title":{"rendered":"Soda \u0110\u00e0o \u2013 Th\u1ee9c U\u1ed1ng M\u00e1t L\u1ea1nh, Ng\u1ecdt D\u1ecbu D\u1ec5 U\u1ed1ng"},"content":{"rendered":"<p data-start=\"610\" data-end=\"743\"><strong><span style=\"font-size: 180%;\">Soda \u0111\u00e0o<\/span><\/strong> l\u00e0 m\u1ed9t th\u1ee9c u\u1ed1ng \u0111\u01b0\u1ee3c nhi\u1ec1u b\u1ea1n tr\u1ebb y\u00eau th\u00edch. Nh\u1edd v\u1ecb ng\u1ecdt nh\u1eb9 v\u00e0 c\u1ea3m gi\u00e1c m\u00e1t l\u1ea1nh, m\u00f3n n\u01b0\u1edbc n\u00e0y r\u1ea5t ph\u00f9 h\u1ee3p \u0111\u1ec3 gi\u1ea3i nhi\u1ec7t.<\/p>\n<p data-start=\"745\" data-end=\"866\">S\u1ef1 k\u1ebft h\u1ee3p gi\u1eefa siro \u0111\u00e0o v\u00e0 soda t\u1ea1o n\u00ean h\u01b0\u01a1ng v\u1ecb h\u00e0i h\u00f2a. \u0110\u00e2y c\u0169ng l\u00e0 l\u00fd do nhi\u1ec1u ng\u01b0\u1eddi l\u1ef1a ch\u1ecdn th\u1ee9c u\u1ed1ng n\u00e0y m\u1ed7i ng\u00e0y.<\/p>\n<h2 data-section-id=\"16kw75e\" data-start=\"873\" data-end=\"898\"><span role=\"text\"><strong data-start=\"876\" data-end=\"898\">H\u01b0\u01a1ng v\u1ecb \u0111\u1eb7c tr\u01b0ng<\/strong><\/span><\/h2>\n<p data-start=\"900\" data-end=\"1001\">Th\u1ee9c u\u1ed1ng n\u00e0y c\u00f3 v\u1ecb ng\u1ecdt d\u1ecbu v\u00e0 d\u1ec5 u\u1ed1ng. Khi k\u1ebft h\u1ee3p c\u00f9ng soda, c\u1ea3m gi\u00e1c m\u00e1t l\u1ea1nh tr\u1edf n\u00ean r\u00f5 r\u1ec7t h\u01a1n.<\/p>\n<p data-start=\"1003\" data-end=\"1093\">L\u1edbp gas nh\u1eb9 gi\u00fap k\u00edch th\u00edch v\u1ecb gi\u00e1c. Nh\u1edd \u0111\u00f3, m\u1ed7i ng\u1ee5m n\u01b0\u1edbc \u0111\u1ec1u mang l\u1ea1i c\u1ea3m gi\u00e1c t\u01b0\u01a1i m\u1edbi.<\/p>\n<h2 data-section-id=\"1wwb268\" data-start=\"1100\" data-end=\"1129\"><span role=\"text\"><strong data-start=\"1103\" data-end=\"1129\">V\u00ec sao \u0111\u01b0\u1ee3c y\u00eau th\u00edch?<\/strong><\/span><\/h2>\n<ul data-start=\"1131\" data-end=\"1220\">\n<li data-section-id=\"zgbedt\" data-start=\"1131\" data-end=\"1151\">Gi\u1ea3i nhi\u1ec7t nhanh<\/li>\n<li data-section-id=\"1kco2qx\" data-start=\"1152\" data-end=\"1172\">H\u01b0\u01a1ng v\u1ecb d\u1ec5 u\u1ed1ng<\/li>\n<li data-section-id=\"oo5zhq\" data-start=\"1173\" data-end=\"1200\">Ph\u00f9 h\u1ee3p nhi\u1ec1u \u0111\u1ed1i t\u01b0\u1ee3ng<\/li>\n<li data-section-id=\"70o64g\" data-start=\"1201\" data-end=\"1220\">M\u00e0u s\u1eafc b\u1eaft m\u1eaft<\/li>\n<\/ul>\n<p><img loading=\"lazy\" decoding=\"async\" class=\"\" src=\"https:\/\/i.pinimg.com\/736x\/75\/71\/66\/757166eb585b3d81c3d00ada18c5da9a.jpg\" width=\"258\" height=\"387\" \/>\u00a0 \u00a0 <img loading=\"lazy\" decoding=\"async\" class=\"alignnone wp-image-291\" src=\"https:\/\/tiemnuoc.azdigi.shop\/wp-content\/uploads\/2026\/04\/soda-dao-200x300.jpg\" alt=\"\" width=\"258\" height=\"387\" srcset=\"https:\/\/tiemnuoc.azdigi.shop\/wp-content\/uploads\/2026\/04\/soda-dao-200x300.jpg 200w, https:\/\/tiemnuoc.azdigi.shop\/wp-content\/uploads\/2026\/04\/soda-dao-683x1024.jpg 683w, https:\/\/tiemnuoc.azdigi.shop\/wp-content\/uploads\/2026\/04\/soda-dao-600x900.jpg 600w, https:\/\/tiemnuoc.azdigi.shop\/wp-content\/uploads\/2026\/04\/soda-dao.jpg 736w\" sizes=\"auto, (max-width: 258px) 100vw, 258px\" \/><\/p>\n<p data-start=\"1375\" data-end=\"1481\">Ngo\u00e0i soda \u0111\u00e0o, b\u1ea1n c\u00f3 th\u1ec3 th\u1eed th\u00eam:<br data-start=\"1411\" data-end=\"1414\" \/>\ud83d\udc49<a href=\"https:\/\/tiemnuoc.azdigi.shop\/index.php\/san-pham\/soda-viet-quoc-t\u2026g-khoai-moi-ngay\/\"> https:\/\/tiemnuoc.azdigi.shop\/index.php\/san-pham\/soda-viet-quoc-t\u2026g-khoai-moi-ngay\/<\/a><\/p>\n<h2 data-section-id=\"p5swkj\" data-start=\"1488\" data-end=\"1523\"><span role=\"text\">\u00a0<strong data-start=\"1494\" data-end=\"1523\">C\u00e1ch th\u01b0\u1edfng th\u1ee9c ngon h\u01a1n<\/strong><\/span><\/h2>\n<p data-start=\"1525\" data-end=\"1651\">B\u1ea1n n\u00ean u\u1ed1ng soda \u0111\u00e0o khi l\u1ea1nh. Th\u00eam \u0111\u00e1 s\u1ebd gi\u00fap gi\u1eef \u0111\u1ed9 m\u00e1t l\u00e2u h\u01a1n. M\u1ed9t s\u1ed1 qu\u00e1n c\u00f2n cho th\u00eam topping nh\u01b0 \u0111\u00e0o mi\u1ebfng ho\u1eb7c th\u1ea1ch.<\/p>\n<p data-start=\"1653\" data-end=\"1744\">Khi k\u1ebft h\u1ee3p c\u00f9ng b\u00e1nh ng\u1ecdt, h\u01b0\u01a1ng v\u1ecb s\u1ebd c\u00e2n b\u1eb1ng h\u01a1n. Tr\u1ea3i nghi\u1ec7m v\u00ec th\u1ebf c\u0169ng tr\u1ecdn v\u1eb9n h\u01a1n.<\/p>\n<p data-start=\"1746\" data-end=\"1823\">B\u1ea1n c\u00f3 th\u1ec3 t\u00ecm hi\u1ec3u th\u00eam v\u1ec1 soda t\u1ea1i:<br data-start=\"1783\" data-end=\"1786\" \/>\ud83d\udc49 <a class=\"decorated-link\" href=\"https:\/\/vi.wikipedia.org\/wiki\/Soda\" target=\"_new\" rel=\"noopener\" data-start=\"1789\" data-end=\"1823\">https:\/\/vi.wikipedia.org\/wiki\/Soda<\/a><\/p>\n<p data-start=\"1746\" data-end=\"1823\"><span style=\"font-size: 170%;\" role=\"text\">\u00a0<strong data-start=\"1835\" data-end=\"1847\">K\u1ebft lu\u1eadn<\/strong><\/span><\/p>\n<p data-start=\"1849\" data-end=\"1960\">Soda \u0111\u00e0o l\u00e0 th\u1ee9c u\u1ed1ng v\u1eeba ngon v\u1eeba \u0111\u1eb9p m\u1eaft. H\u01b0\u01a1ng v\u1ecb ng\u1ecdt d\u1ecbu k\u1ebft h\u1ee3p soda m\u00e1t l\u1ea1nh mang l\u1ea1i c\u1ea3m gi\u00e1c th\u01b0 gi\u00e3n.<\/p>\n<p data-start=\"1962\" data-end=\"2035\">N\u1ebfu b\u1ea1n \u0111ang t\u00ecm m\u1ed9t m\u00f3n n\u01b0\u1edbc d\u1ec5 u\u1ed1ng, soda \u0111\u00e0o l\u00e0 l\u1ef1a ch\u1ecdn r\u1ea5t \u0111\u00e1ng th\u1eed.<\/p>\n","protected":false},"excerpt":{"rendered":"<p>Soda \u0111\u00e0o l\u00e0 th\u1ee9c u\u1ed1ng gi\u1ea3i nhi\u1ec7t v\u1edbi v\u1ecb ng\u1ecdt thanh, k\u1ebft h\u1ee3p soda gi\u00fap mang l\u1ea1i c\u1ea3m gi\u00e1c t\u01b0\u01a1i m\u00e1t m\u1ed7i ng\u00e0y.<\/p>\n","protected":false},"featured_media":291,"comment_status":"open","ping_status":"closed","template":"","meta":[],"product_brand":[],"product_cat":[17],"product_tag":[20,40,120,124],"class_list":{"0":"post-290","1":"product","2":"type-product","3":"status-publish","4":"has-post-thumbnail","6":"product_cat-chua-phan-loai","7":"product_tag-mat-lanh","8":"product_tag-ngot-diu","9":"product_tag-sang-khoai","10":"product_tag-thanh-nhe","12":"first","13":"instock","14":"shipping-taxable","15":"purchasable","16":"product-type-variable"},"yoast_head":"<!-- This site is optimized with the Yoast SEO plugin v27.2 - https:\/\/yoast.com\/product\/yoast-seo-wordpress\/ -->\n<title>Soda \u0110\u00e0o \u2013 Th\u1ee9c U\u1ed1ng M\u00e1t L\u1ea1nh, Ng\u1ecdt D\u1ecbu D\u1ec5 U\u1ed1ng - Berries House<\/title>\n<meta name=\"description\" content=\"Soda \u0111\u00e0o l\u00e0 th\u1ee9c u\u1ed1ng m\u00e1t l\u1ea1nh v\u1edbi v\u1ecb ng\u1ecdt d\u1ecbu c\u1ee7a \u0111\u00e0o k\u1ebft h\u1ee3p gas nh\u1eb9, mang l\u1ea1i c\u1ea3m gi\u00e1c s\u1ea3ng kho\u00e1i v\u00e0 gi\u1ea3i nhi\u1ec7t hi\u1ec7u qu\u1ea3.\" \/>\n<meta name=\"robots\" content=\"index, follow, max-snippet:-1, max-image-preview:large, max-video-preview:-1\" \/>\n<link rel=\"canonical\" href=\"https:\/\/tiemnuoc.azdigi.shop\/index.php\/san-pham\/soda-dao-thuc-uong-mat-lanh-ngot-diu-de-uong\/\" \/>\n<meta property=\"og:locale\" content=\"vi_VN\" \/>\n<meta property=\"og:type\" content=\"article\" \/>\n<meta property=\"og:title\" content=\"Soda \u0110\u00e0o \u2013 Th\u1ee9c U\u1ed1ng M\u00e1t L\u1ea1nh, Ng\u1ecdt D\u1ecbu D\u1ec5 U\u1ed1ng - Berries House\" \/>\n<meta property=\"og:description\" content=\"Soda \u0111\u00e0o l\u00e0 th\u1ee9c u\u1ed1ng m\u00e1t l\u1ea1nh v\u1edbi v\u1ecb ng\u1ecdt d\u1ecbu c\u1ee7a \u0111\u00e0o k\u1ebft h\u1ee3p gas nh\u1eb9, mang l\u1ea1i c\u1ea3m gi\u00e1c s\u1ea3ng kho\u00e1i v\u00e0 gi\u1ea3i nhi\u1ec7t hi\u1ec7u qu\u1ea3.\" \/>\n<meta property=\"og:url\" content=\"https:\/\/tiemnuoc.azdigi.shop\/index.php\/san-pham\/soda-dao-thuc-uong-mat-lanh-ngot-diu-de-uong\/\" \/>\n<meta property=\"og:site_name\" content=\"Berries House\" \/>\n<meta property=\"article:modified_time\" content=\"2026-04-09T19:46:50+00:00\" \/>\n<meta property=\"og:image\" content=\"https:\/\/tiemnuoc.azdigi.shop\/wp-content\/uploads\/2026\/04\/soda-dao.jpg\" \/>\n\t<meta property=\"og:image:width\" content=\"736\" \/>\n\t<meta property=\"og:image:height\" content=\"1104\" \/>\n\t<meta property=\"og:image:type\" content=\"image\/jpeg\" \/>\n<meta name=\"twitter:card\" content=\"summary_large_image\" \/>\n<meta name=\"twitter:label1\" content=\"\u01af\u1edbc t\u00ednh th\u1eddi gian \u0111\u1ecdc\" \/>\n\t<meta name=\"twitter:data1\" content=\"2 ph\u00fat\" \/>\n<script type=\"application\/ld+json\" class=\"yoast-schema-graph\">{\"@context\":\"https:\/\/schema.org\",\"@graph\":[{\"@type\":\"WebPage\",\"@id\":\"https:\/\/tiemnuoc.azdigi.shop\/index.php\/san-pham\/soda-dao-thuc-uong-mat-lanh-ngot-diu-de-uong\/\",\"url\":\"https:\/\/tiemnuoc.azdigi.shop\/index.php\/san-pham\/soda-dao-thuc-uong-mat-lanh-ngot-diu-de-uong\/\",\"name\":\"Soda \u0110\u00e0o \u2013 Th\u1ee9c U\u1ed1ng M\u00e1t L\u1ea1nh, Ng\u1ecdt D\u1ecbu D\u1ec5 U\u1ed1ng - Berries House\",\"isPartOf\":{\"@id\":\"https:\/\/tiemnuoc.azdigi.shop\/#website\"},\"primaryImageOfPage\":{\"@id\":\"https:\/\/tiemnuoc.azdigi.shop\/index.php\/san-pham\/soda-dao-thuc-uong-mat-lanh-ngot-diu-de-uong\/#primaryimage\"},\"image\":{\"@id\":\"https:\/\/tiemnuoc.azdigi.shop\/index.php\/san-pham\/soda-dao-thuc-uong-mat-lanh-ngot-diu-de-uong\/#primaryimage\"},\"thumbnailUrl\":\"https:\/\/tiemnuoc.azdigi.shop\/wp-content\/uploads\/2026\/04\/soda-dao.jpg\",\"datePublished\":\"2026-04-09T19:32:59+00:00\",\"dateModified\":\"2026-04-09T19:46:50+00:00\",\"description\":\"Soda \u0111\u00e0o l\u00e0 th\u1ee9c u\u1ed1ng m\u00e1t l\u1ea1nh v\u1edbi v\u1ecb ng\u1ecdt d\u1ecbu c\u1ee7a \u0111\u00e0o k\u1ebft h\u1ee3p gas nh\u1eb9, mang l\u1ea1i c\u1ea3m gi\u00e1c s\u1ea3ng kho\u00e1i v\u00e0 gi\u1ea3i nhi\u1ec7t hi\u1ec7u qu\u1ea3.\",\"breadcrumb\":{\"@id\":\"https:\/\/tiemnuoc.azdigi.shop\/index.php\/san-pham\/soda-dao-thuc-uong-mat-lanh-ngot-diu-de-uong\/#breadcrumb\"},\"inLanguage\":\"vi\",\"potentialAction\":[{\"@type\":\"ReadAction\",\"target\":[\"https:\/\/tiemnuoc.azdigi.shop\/index.php\/san-pham\/soda-dao-thuc-uong-mat-lanh-ngot-diu-de-uong\/\"]}]},{\"@type\":\"ImageObject\",\"inLanguage\":\"vi\",\"@id\":\"https:\/\/tiemnuoc.azdigi.shop\/index.php\/san-pham\/soda-dao-thuc-uong-mat-lanh-ngot-diu-de-uong\/#primaryimage\",\"url\":\"https:\/\/tiemnuoc.azdigi.shop\/wp-content\/uploads\/2026\/04\/soda-dao.jpg\",\"contentUrl\":\"https:\/\/tiemnuoc.azdigi.shop\/wp-content\/uploads\/2026\/04\/soda-dao.jpg\",\"width\":736,\"height\":1104},{\"@type\":\"BreadcrumbList\",\"@id\":\"https:\/\/tiemnuoc.azdigi.shop\/index.php\/san-pham\/soda-dao-thuc-uong-mat-lanh-ngot-diu-de-uong\/#breadcrumb\",\"itemListElement\":[{\"@type\":\"ListItem\",\"position\":1,\"name\":\"Trang ch\u1ee7\",\"item\":\"https:\/\/tiemnuoc.azdigi.shop\/\"},{\"@type\":\"ListItem\",\"position\":2,\"name\":\"C\u1eeda h\u00e0ng\",\"item\":\"https:\/\/tiemnuoc.azdigi.shop\/?page_id=121\"},{\"@type\":\"ListItem\",\"position\":3,\"name\":\"Soda \u0110\u00e0o \u2013 Th\u1ee9c U\u1ed1ng M\u00e1t L\u1ea1nh, Ng\u1ecdt D\u1ecbu D\u1ec5 U\u1ed1ng\"}]},{\"@type\":\"WebSite\",\"@id\":\"https:\/\/tiemnuoc.azdigi.shop\/#website\",\"url\":\"https:\/\/tiemnuoc.azdigi.shop\/\",\"name\":\"Berries House\",\"description\":\"\",\"potentialAction\":[{\"@type\":\"SearchAction\",\"target\":{\"@type\":\"EntryPoint\",\"urlTemplate\":\"https:\/\/tiemnuoc.azdigi.shop\/?s={search_term_string}\"},\"query-input\":{\"@type\":\"PropertyValueSpecification\",\"valueRequired\":true,\"valueName\":\"search_term_string\"}}],\"inLanguage\":\"vi\"}]}<\/script>\n<!-- \/ Yoast SEO plugin. -->","yoast_head_json":{"title":"Soda \u0110\u00e0o \u2013 Th\u1ee9c U\u1ed1ng M\u00e1t L\u1ea1nh, Ng\u1ecdt D\u1ecbu D\u1ec5 U\u1ed1ng - Berries House","description":"Soda \u0111\u00e0o l\u00e0 th\u1ee9c u\u1ed1ng m\u00e1t l\u1ea1nh v\u1edbi v\u1ecb ng\u1ecdt d\u1ecbu c\u1ee7a \u0111\u00e0o k\u1ebft h\u1ee3p gas nh\u1eb9, mang l\u1ea1i c\u1ea3m gi\u00e1c s\u1ea3ng kho\u00e1i v\u00e0 gi\u1ea3i nhi\u1ec7t hi\u1ec7u qu\u1ea3.","robots":{"index":"index","follow":"follow","max-snippet":"max-snippet:-1","max-image-preview":"max-image-preview:large","max-video-preview":"max-video-preview:-1"},"canonical":"https:\/\/tiemnuoc.azdigi.shop\/index.php\/san-pham\/soda-dao-thuc-uong-mat-lanh-ngot-diu-de-uong\/","og_locale":"vi_VN","og_type":"article","og_title":"Soda \u0110\u00e0o \u2013 Th\u1ee9c U\u1ed1ng M\u00e1t L\u1ea1nh, Ng\u1ecdt D\u1ecbu D\u1ec5 U\u1ed1ng - Berries House","og_description":"Soda \u0111\u00e0o l\u00e0 th\u1ee9c u\u1ed1ng m\u00e1t l\u1ea1nh v\u1edbi v\u1ecb ng\u1ecdt d\u1ecbu c\u1ee7a \u0111\u00e0o k\u1ebft h\u1ee3p gas nh\u1eb9, mang l\u1ea1i c\u1ea3m gi\u00e1c s\u1ea3ng kho\u00e1i v\u00e0 gi\u1ea3i nhi\u1ec7t hi\u1ec7u qu\u1ea3.","og_url":"https:\/\/tiemnuoc.azdigi.shop\/index.php\/san-pham\/soda-dao-thuc-uong-mat-lanh-ngot-diu-de-uong\/","og_site_name":"Berries House","article_modified_time":"2026-04-09T19:46:50+00:00","og_image":[{"width":736,"height":1104,"url":"https:\/\/tiemnuoc.azdigi.shop\/wp-content\/uploads\/2026\/04\/soda-dao.jpg","type":"image\/jpeg"}],"twitter_card":"summary_large_image","twitter_misc":{"\u01af\u1edbc t\u00ednh th\u1eddi gian \u0111\u1ecdc":"2 ph\u00fat"},"schema":{"@context":"https:\/\/schema.org","@graph":[{"@type":"WebPage","@id":"https:\/\/tiemnuoc.azdigi.shop\/index.php\/san-pham\/soda-dao-thuc-uong-mat-lanh-ngot-diu-de-uong\/","url":"https:\/\/tiemnuoc.azdigi.shop\/index.php\/san-pham\/soda-dao-thuc-uong-mat-lanh-ngot-diu-de-uong\/","name":"Soda \u0110\u00e0o \u2013 Th\u1ee9c U\u1ed1ng M\u00e1t L\u1ea1nh, Ng\u1ecdt D\u1ecbu D\u1ec5 U\u1ed1ng - Berries House","isPartOf":{"@id":"https:\/\/tiemnuoc.azdigi.shop\/#website"},"primaryImageOfPage":{"@id":"https:\/\/tiemnuoc.azdigi.shop\/index.php\/san-pham\/soda-dao-thuc-uong-mat-lanh-ngot-diu-de-uong\/#primaryimage"},"image":{"@id":"https:\/\/tiemnuoc.azdigi.shop\/index.php\/san-pham\/soda-dao-thuc-uong-mat-lanh-ngot-diu-de-uong\/#primaryimage"},"thumbnailUrl":"https:\/\/tiemnuoc.azdigi.shop\/wp-content\/uploads\/2026\/04\/soda-dao.jpg","datePublished":"2026-04-09T19:32:59+00:00","dateModified":"2026-04-09T19:46:50+00:00","description":"Soda \u0111\u00e0o l\u00e0 th\u1ee9c u\u1ed1ng m\u00e1t l\u1ea1nh v\u1edbi v\u1ecb ng\u1ecdt d\u1ecbu c\u1ee7a \u0111\u00e0o k\u1ebft h\u1ee3p gas nh\u1eb9, mang l\u1ea1i c\u1ea3m gi\u00e1c s\u1ea3ng kho\u00e1i v\u00e0 gi\u1ea3i nhi\u1ec7t hi\u1ec7u qu\u1ea3.","breadcrumb":{"@id":"https:\/\/tiemnuoc.azdigi.shop\/index.php\/san-pham\/soda-dao-thuc-uong-mat-lanh-ngot-diu-de-uong\/#breadcrumb"},"inLanguage":"vi","potentialAction":[{"@type":"ReadAction","target":["https:\/\/tiemnuoc.azdigi.shop\/index.php\/san-pham\/soda-dao-thuc-uong-mat-lanh-ngot-diu-de-uong\/"]}]},{"@type":"ImageObject","inLanguage":"vi","@id":"https:\/\/tiemnuoc.azdigi.shop\/index.php\/san-pham\/soda-dao-thuc-uong-mat-lanh-ngot-diu-de-uong\/#primaryimage","url":"https:\/\/tiemnuoc.azdigi.shop\/wp-content\/uploads\/2026\/04\/soda-dao.jpg","contentUrl":"https:\/\/tiemnuoc.azdigi.shop\/wp-content\/uploads\/2026\/04\/soda-dao.jpg","width":736,"height":1104},{"@type":"BreadcrumbList","@id":"https:\/\/tiemnuoc.azdigi.shop\/index.php\/san-pham\/soda-dao-thuc-uong-mat-lanh-ngot-diu-de-uong\/#breadcrumb","itemListElement":[{"@type":"ListItem","position":1,"name":"Trang ch\u1ee7","item":"https:\/\/tiemnuoc.azdigi.shop\/"},{"@type":"ListItem","position":2,"name":"C\u1eeda h\u00e0ng","item":"https:\/\/tiemnuoc.azdigi.shop\/?page_id=121"},{"@type":"ListItem","position":3,"name":"Soda \u0110\u00e0o \u2013 Th\u1ee9c U\u1ed1ng M\u00e1t L\u1ea1nh, Ng\u1ecdt D\u1ecbu D\u1ec5 U\u1ed1ng"}]},{"@type":"WebSite","@id":"https:\/\/tiemnuoc.azdigi.shop\/#website","url":"https:\/\/tiemnuoc.azdigi.shop\/","name":"Berries House","description":"","potentialAction":[{"@type":"SearchAction","target":{"@type":"EntryPoint","urlTemplate":"https:\/\/tiemnuoc.azdigi.shop\/?s={search_term_string}"},"query-input":{"@type":"PropertyValueSpecification","valueRequired":true,"valueName":"search_term_string"}}],"inLanguage":"vi"}]}},"_links":{"self":[{"href":"https:\/\/tiemnuoc.azdigi.shop\/index.php?rest_route=\/wp\/v2\/product\/290","targetHints":{"allow":["GET"]}}],"collection":[{"href":"https:\/\/tiemnuoc.azdigi.shop\/index.php?rest_route=\/wp\/v2\/product"}],"about":[{"href":"https:\/\/tiemnuoc.azdigi.shop\/index.php?rest_route=\/wp\/v2\/types\/product"}],"replies":[{"embeddable":true,"href":"https:\/\/tiemnuoc.azdigi.shop\/index.php?rest_route=%2Fwp%2Fv2%2Fcomments&post=290"}],"wp:featuredmedia":[{"embeddable":true,"href":"https:\/\/tiemnuoc.azdigi.shop\/index.php?rest_route=\/wp\/v2\/media\/291"}],"wp:attachment":[{"href":"https:\/\/tiemnuoc.azdigi.shop\/index.php?rest_route=%2Fwp%2Fv2%2Fmedia&parent=290"}],"wp:term":[{"taxonomy":"product_brand","embeddable":true,"href":"https:\/\/tiemnuoc.azdigi.shop\/index.php?rest_route=%2Fwp%2Fv2%2Fproduct_brand&post=290"},{"taxonomy":"product_cat","embeddable":true,"href":"https:\/\/tiemnuoc.azdigi.shop\/index.php?rest_route=%2Fwp%2Fv2%2Fproduct_cat&post=290"},{"taxonomy":"product_tag","embeddable":true,"href":"https:\/\/tiemnuoc.azdigi.shop\/index.php?rest_route=%2Fwp%2Fv2%2Fproduct_tag&post=290"}],"curies":[{"name":"wp","href":"https:\/\/api.w.org\/{rel}","templated":true}]}}